{"id":14874,"date":"2022-11-04T10:26:15","date_gmt":"2022-11-04T09:26:15","guid":{"rendered":"https:\/\/natural-pilates.fr\/Site2022\/?page_id=14874"},"modified":"2024-10-27T10:42:19","modified_gmt":"2024-10-27T09:42:19","slug":"les-bienfaits-du-pilates","status":"publish","type":"page","link":"https:\/\/natural-pilates.fr\/Site2022\/les-bienfaits-du-pilates\/","title":{"rendered":"Les bienfaits du Pilates"},"content":{"rendered":"\n<p>Le Pilates :<\/p>\n\n\n\n<ul class=\"wp-block-list\">\n<li>Il corrige et am\u00e9liore la posture<\/li>\n\n\n\n<li>Renforce le dos<\/li>\n\n\n\n<li>Raffermit et travaille les muscles profonds<\/li>\n\n\n\n<li>Amincit et tonifie la ceinture abdominale<\/li>\n\n\n\n<li>Permet de trouver de la souplesse<\/li>\n\n\n\n<li>Elimine le stress et apporte une meilleure oxyg\u00e9nation avec la respiration<\/li>\n\n\n\n<li>Att\u00e9nue les difficult\u00e9s articulaires<\/li>\n\n\n\n<li>Apporte tonus, bien-\u00eatre physique et mental pour une meilleure qualit\u00e9 de vie<\/li>\n<\/ul>\n\n\n\n<p>Pour qui&nbsp;?<\/p>\n\n\n\n<ul class=\"wp-block-list\">\n<li>M\u00e9thode de renforcement musculaire pour tous<\/li>\n\n\n\n<li>La m\u00e9thode Pilate s\u2019adresse \u00e0 toutes les personnes qui souhaitent une activit\u00e9 physique<\/li>\n\n\n\n<li>Qu\u2019elles soient s\u00e9dentaires<\/li>\n\n\n\n<li>Qu\u2019elles souffrent du dos<\/li>\n\n\n\n<li>Qui souhaitent affiner leur corps<\/li>\n\n\n\n<li>Les sportifs exp\u00e9riment\u00e9s ou de haut niveau<\/li>\n\n\n\n<li>Femmes enceintes<\/li>\n\n\n\n<li>Adolescents \u00e0 partir de 14 ans<\/li>\n<\/ul>\n\n\n\n<p>Un bilan fonctionnel sera compl\u00e9t\u00e9 si n\u00e9cessaire par un kin\u00e9sith\u00e9rapeute ou un Ost\u00e9opathe.<\/p>\n\n\n\n<p><strong>Les exercices ou postures<\/strong><\/p>\n\n\n\n<p>Ils se pratiquent sur des tapis de sol, avec ou sans accessoire, ou sur des machines (reformer, cadillac..)<\/p>\n\n\n\n<p><strong>Les b\u00e9n\u00e9fices de la M\u00e9thode Pilates<\/strong><\/p>\n\n\n\n<ul class=\"wp-block-list\">\n<li>Favoriser une bonne posture (en travaillant l\u2019\u00e9quilibre du corps, l\u2019alignement)<\/li>\n\n\n\n<li>Accro\u00eetre une meilleure souplesse des muscles et des articulations<\/li>\n\n\n\n<li>Permet une meilleure oxyg\u00e9nation&nbsp; du sang, stimule et travaille le syst\u00e8me respiratoire et facilite l\u2019\u00e9limination du stress.<\/li>\n\n\n\n<li>Diminue le mal de dos avec le renforcement de la sangle abdominale, d\u2019un centre fort et d\u2019un auto agrandissement du corps<\/li>\n\n\n\n<li>Il aide \u00e0 contr\u00f4ler les probl\u00e8mes de poids en compl\u00e9ment d\u2019un r\u00e9gime alimentaire \u00e9quilibr\u00e9 et \u00e0 raffermir le corps harmonieusement (taille, hanche, cuisses\u2026)<\/li>\n\n\n\n<li>D\u2019augmenter la confiance en soi (l\u2019esprit contr\u00f4lant le corps)<\/li>\n<\/ul>\n","protected":false},"excerpt":{"rendered":"<p>Le Pilates : Pour qui&nbsp;? Un bilan fonctionnel sera compl\u00e9t\u00e9 si n\u00e9cessaire par un kin\u00e9sith\u00e9rapeute ou un Ost\u00e9opathe. Les exercices ou postures Ils se pratiquent sur des tapis de sol,&#8230;<\/p>\n","protected":false},"author":1,"featured_media":0,"parent":0,"menu_order":0,"comment_status":"closed","ping_status":"closed","template":"","meta":{"footnotes":""},"class_list":["post-14874","page","type-page","status-publish","hentry"],"yoast_head":"<!-- This site is optimized with the Yoast SEO plugin v19.9 - https:\/\/yoast.com\/wordpress\/plugins\/seo\/ -->\n<title>Les bienfaits du Pilates - Natural Pilates Bassin d&#039;Arcachon<\/title>\n<meta name=\"robots\" content=\"index, follow, max-snippet:-1, max-image-preview:large, max-video-preview:-1\" \/>\n<link rel=\"canonical\" href=\"https:\/\/natural-pilates.fr\/Site2022\/les-bienfaits-du-pilates\/\" \/>\n<meta property=\"og:locale\" content=\"fr_FR\" \/>\n<meta property=\"og:type\" content=\"article\" \/>\n<meta property=\"og:title\" content=\"Les bienfaits du Pilates - Natural Pilates Bassin d&#039;Arcachon\" \/>\n<meta property=\"og:description\" content=\"Le Pilates : Pour qui&nbsp;? Un bilan fonctionnel sera compl\u00e9t\u00e9 si n\u00e9cessaire par un kin\u00e9sith\u00e9rapeute ou un Ost\u00e9opathe. Les exercices ou postures Ils se pratiquent sur des tapis de sol,...\" \/>\n<meta property=\"og:url\" content=\"https:\/\/natural-pilates.fr\/Site2022\/les-bienfaits-du-pilates\/\" \/>\n<meta property=\"og:site_name\" content=\"Natural Pilates Bassin d&#039;Arcachon\" \/>\n<meta property=\"article:modified_time\" content=\"2024-10-27T09:42:19+00:00\" \/>\n<meta name=\"twitter:card\" content=\"summary_large_image\" \/>\n<meta name=\"twitter:label1\" content=\"Dur\u00e9e de lecture estim\u00e9e\" \/>\n\t<meta name=\"twitter:data1\" content=\"2 minutes\" \/>\n<script type=\"application\/ld+json\" class=\"yoast-schema-graph\">{\"@context\":\"https:\/\/schema.org\",\"@graph\":[{\"@type\":\"WebPage\",\"@id\":\"https:\/\/natural-pilates.fr\/Site2022\/les-bienfaits-du-pilates\/\",\"url\":\"https:\/\/natural-pilates.fr\/Site2022\/les-bienfaits-du-pilates\/\",\"name\":\"Les bienfaits du Pilates - Natural Pilates Bassin d&#039;Arcachon\",\"isPartOf\":{\"@id\":\"https:\/\/natural-pilates.fr\/Site2022\/#website\"},\"datePublished\":\"2022-11-04T09:26:15+00:00\",\"dateModified\":\"2024-10-27T09:42:19+00:00\",\"breadcrumb\":{\"@id\":\"https:\/\/natural-pilates.fr\/Site2022\/les-bienfaits-du-pilates\/#breadcrumb\"},\"inLanguage\":\"fr-FR\",\"potentialAction\":[{\"@type\":\"ReadAction\",\"target\":[\"https:\/\/natural-pilates.fr\/Site2022\/les-bienfaits-du-pilates\/\"]}]},{\"@type\":\"BreadcrumbList\",\"@id\":\"https:\/\/natural-pilates.fr\/Site2022\/les-bienfaits-du-pilates\/#breadcrumb\",\"itemListElement\":[{\"@type\":\"ListItem\",\"position\":1,\"name\":\"Home\",\"item\":\"https:\/\/natural-pilates.fr\/Site2022\/\"},{\"@type\":\"ListItem\",\"position\":2,\"name\":\"Les bienfaits du Pilates\"}]},{\"@type\":\"WebSite\",\"@id\":\"https:\/\/natural-pilates.fr\/Site2022\/#website\",\"url\":\"https:\/\/natural-pilates.fr\/Site2022\/\",\"name\":\"Natural Pilates Bassin d&#039;Arcachon\",\"description\":\"Un site utilisant WordPress\",\"publisher\":{\"@id\":\"https:\/\/natural-pilates.fr\/Site2022\/#organization\"},\"potentialAction\":[{\"@type\":\"SearchAction\",\"target\":{\"@type\":\"EntryPoint\",\"urlTemplate\":\"https:\/\/natural-pilates.fr\/Site2022\/?s={search_term_string}\"},\"query-input\":\"required name=search_term_string\"}],\"inLanguage\":\"fr-FR\"},{\"@type\":\"Organization\",\"@id\":\"https:\/\/natural-pilates.fr\/Site2022\/#organization\",\"name\":\"Natural Pilates Bassin d&#039;Arcachon\",\"url\":\"https:\/\/natural-pilates.fr\/Site2022\/\",\"logo\":{\"@type\":\"ImageObject\",\"inLanguage\":\"fr-FR\",\"@id\":\"https:\/\/natural-pilates.fr\/Site2022\/#\/schema\/logo\/image\/\",\"url\":\"https:\/\/natural-pilates.fr\/Site2022\/wp-content\/uploads\/2022\/11\/Logo-White-Natural-Pilates.png\",\"contentUrl\":\"https:\/\/natural-pilates.fr\/Site2022\/wp-content\/uploads\/2022\/11\/Logo-White-Natural-Pilates.png\",\"width\":500,\"height\":500,\"caption\":\"Natural Pilates Bassin d&#039;Arcachon\"},\"image\":{\"@id\":\"https:\/\/natural-pilates.fr\/Site2022\/#\/schema\/logo\/image\/\"}}]}<\/script>\n<!-- \/ Yoast SEO plugin. -->","yoast_head_json":{"title":"Les bienfaits du Pilates - Natural Pilates Bassin d&#039;Arcachon","robots":{"index":"index","follow":"follow","max-snippet":"max-snippet:-1","max-image-preview":"max-image-preview:large","max-video-preview":"max-video-preview:-1"},"canonical":"https:\/\/natural-pilates.fr\/Site2022\/les-bienfaits-du-pilates\/","og_locale":"fr_FR","og_type":"article","og_title":"Les bienfaits du Pilates - Natural Pilates Bassin d&#039;Arcachon","og_description":"Le Pilates : Pour qui&nbsp;? Un bilan fonctionnel sera compl\u00e9t\u00e9 si n\u00e9cessaire par un kin\u00e9sith\u00e9rapeute ou un Ost\u00e9opathe. Les exercices ou postures Ils se pratiquent sur des tapis de sol,...","og_url":"https:\/\/natural-pilates.fr\/Site2022\/les-bienfaits-du-pilates\/","og_site_name":"Natural Pilates Bassin d&#039;Arcachon","article_modified_time":"2024-10-27T09:42:19+00:00","twitter_card":"summary_large_image","twitter_misc":{"Dur\u00e9e de lecture estim\u00e9e":"2 minutes"},"schema":{"@context":"https:\/\/schema.org","@graph":[{"@type":"WebPage","@id":"https:\/\/natural-pilates.fr\/Site2022\/les-bienfaits-du-pilates\/","url":"https:\/\/natural-pilates.fr\/Site2022\/les-bienfaits-du-pilates\/","name":"Les bienfaits du Pilates - Natural Pilates Bassin d&#039;Arcachon","isPartOf":{"@id":"https:\/\/natural-pilates.fr\/Site2022\/#website"},"datePublished":"2022-11-04T09:26:15+00:00","dateModified":"2024-10-27T09:42:19+00:00","breadcrumb":{"@id":"https:\/\/natural-pilates.fr\/Site2022\/les-bienfaits-du-pilates\/#breadcrumb"},"inLanguage":"fr-FR","potentialAction":[{"@type":"ReadAction","target":["https:\/\/natural-pilates.fr\/Site2022\/les-bienfaits-du-pilates\/"]}]},{"@type":"BreadcrumbList","@id":"https:\/\/natural-pilates.fr\/Site2022\/les-bienfaits-du-pilates\/#breadcrumb","itemListElement":[{"@type":"ListItem","position":1,"name":"Home","item":"https:\/\/natural-pilates.fr\/Site2022\/"},{"@type":"ListItem","position":2,"name":"Les bienfaits du Pilates"}]},{"@type":"WebSite","@id":"https:\/\/natural-pilates.fr\/Site2022\/#website","url":"https:\/\/natural-pilates.fr\/Site2022\/","name":"Natural Pilates Bassin d&#039;Arcachon","description":"Un site utilisant WordPress","publisher":{"@id":"https:\/\/natural-pilates.fr\/Site2022\/#organization"},"potentialAction":[{"@type":"SearchAction","target":{"@type":"EntryPoint","urlTemplate":"https:\/\/natural-pilates.fr\/Site2022\/?s={search_term_string}"},"query-input":"required name=search_term_string"}],"inLanguage":"fr-FR"},{"@type":"Organization","@id":"https:\/\/natural-pilates.fr\/Site2022\/#organization","name":"Natural Pilates Bassin d&#039;Arcachon","url":"https:\/\/natural-pilates.fr\/Site2022\/","logo":{"@type":"ImageObject","inLanguage":"fr-FR","@id":"https:\/\/natural-pilates.fr\/Site2022\/#\/schema\/logo\/image\/","url":"https:\/\/natural-pilates.fr\/Site2022\/wp-content\/uploads\/2022\/11\/Logo-White-Natural-Pilates.png","contentUrl":"https:\/\/natural-pilates.fr\/Site2022\/wp-content\/uploads\/2022\/11\/Logo-White-Natural-Pilates.png","width":500,"height":500,"caption":"Natural Pilates Bassin d&#039;Arcachon"},"image":{"@id":"https:\/\/natural-pilates.fr\/Site2022\/#\/schema\/logo\/image\/"}}]}},"jetpack_sharing_enabled":true,"_links":{"self":[{"href":"https:\/\/natural-pilates.fr\/Site2022\/wp-json\/wp\/v2\/pages\/14874","targetHints":{"allow":["GET"]}}],"collection":[{"href":"https:\/\/natural-pilates.fr\/Site2022\/wp-json\/wp\/v2\/pages"}],"about":[{"href":"https:\/\/natural-pilates.fr\/Site2022\/wp-json\/wp\/v2\/types\/page"}],"author":[{"embeddable":true,"href":"https:\/\/natural-pilates.fr\/Site2022\/wp-json\/wp\/v2\/users\/1"}],"replies":[{"embeddable":true,"href":"https:\/\/natural-pilates.fr\/Site2022\/wp-json\/wp\/v2\/comments?post=14874"}],"version-history":[{"count":1,"href":"https:\/\/natural-pilates.fr\/Site2022\/wp-json\/wp\/v2\/pages\/14874\/revisions"}],"predecessor-version":[{"id":14875,"href":"https:\/\/natural-pilates.fr\/Site2022\/wp-json\/wp\/v2\/pages\/14874\/revisions\/14875"}],"wp:attachment":[{"href":"https:\/\/natural-pilates.fr\/Site2022\/wp-json\/wp\/v2\/media?parent=14874"}],"curies":[{"name":"wp","href":"https:\/\/api.w.org\/{rel}","templated":true}]}}